{"id":347,"date":"2024-10-22T10:15:12","date_gmt":"2024-10-22T10:15:12","guid":{"rendered":"https:\/\/coala-ai.de\/?page_id=347"},"modified":"2025-03-03T20:24:16","modified_gmt":"2025-03-03T20:24:16","slug":"imprint","status":"publish","type":"page","link":"https:\/\/coala-ai.de\/de\/imprint\/","title":{"rendered":"Impressum"},"content":{"rendered":"<div data-elementor-type=\"wp-page\" data-elementor-id=\"347\" class=\"elementor elementor-347\" data-elementor-settings=\"{&quot;element_pack_global_tooltip_width&quot;:{&quot;unit&quot;:&quot;px&quot;,&quot;size&quot;:&quot;&quot;,&quot;sizes&quot;:[]},&quot;element_pack_global_tooltip_width_tablet&quot;:{&quot;unit&quot;:&quot;px&quot;,&quot;size&quot;:&quot;&quot;,&quot;sizes&quot;:[]},&quot;element_pack_global_tooltip_width_mobile&quot;:{&quot;unit&quot;:&quot;px&quot;,&quot;size&quot;:&quot;&quot;,&quot;sizes&quot;:[]},&quot;element_pack_global_tooltip_padding&quot;:{&quot;unit&quot;:&quot;px&quot;,&quot;top&quot;:&quot;&quot;,&quot;right&quot;:&quot;&quot;,&quot;bottom&quot;:&quot;&quot;,&quot;left&quot;:&quot;&quot;,&quot;isLinked&quot;:true},&quot;element_pack_global_tooltip_padding_tablet&quot;:{&quot;unit&quot;:&quot;px&quot;,&quot;top&quot;:&quot;&quot;,&quot;right&quot;:&quot;&quot;,&quot;bottom&quot;:&quot;&quot;,&quot;left&quot;:&quot;&quot;,&quot;isLinked&quot;:true},&quot;element_pack_global_tooltip_padding_mobile&quot;:{&quot;unit&quot;:&quot;px&quot;,&quot;top&quot;:&quot;&quot;,&quot;right&quot;:&quot;&quot;,&quot;bottom&quot;:&quot;&quot;,&quot;left&quot;:&quot;&quot;,&quot;isLinked&quot;:true},&quot;element_pack_global_tooltip_border_radius&quot;:{&quot;unit&quot;:&quot;px&quot;,&quot;top&quot;:&quot;&quot;,&quot;right&quot;:&quot;&quot;,&quot;bottom&quot;:&quot;&quot;,&quot;left&quot;:&quot;&quot;,&quot;isLinked&quot;:true},&quot;element_pack_global_tooltip_border_radius_tablet&quot;:{&quot;unit&quot;:&quot;px&quot;,&quot;top&quot;:&quot;&quot;,&quot;right&quot;:&quot;&quot;,&quot;bottom&quot;:&quot;&quot;,&quot;left&quot;:&quot;&quot;,&quot;isLinked&quot;:true},&quot;element_pack_global_tooltip_border_radius_mobile&quot;:{&quot;unit&quot;:&quot;px&quot;,&quot;top&quot;:&quot;&quot;,&quot;right&quot;:&quot;&quot;,&quot;bottom&quot;:&quot;&quot;,&quot;left&quot;:&quot;&quot;,&quot;isLinked&quot;:true}}\">\n\t\t\t\t<div class=\"elementor-element elementor-element-1eedff62 e-flex e-con-boxed e-con e-parent\" data-id=\"1eedff62\" data-element_type=\"container\" data-e-type=\"container\">\n\t\t\t\t\t<div class=\"e-con-inner\">\n\t\t\t\t<div class=\"elementor-element elementor-element-a9528ee elementor-widget elementor-widget-spacer\" data-id=\"a9528ee\" data-element_type=\"widget\" data-e-type=\"widget\" data-widget_type=\"spacer.default\">\n\t\t\t\t<div class=\"elementor-widget-container\">\n\t\t\t\t\t\t\t<div class=\"elementor-spacer\">\n\t\t\t<div class=\"elementor-spacer-inner\"><\/div>\n\t\t<\/div>\n\t\t\t\t\t\t<\/div>\n\t\t\t\t<\/div>\n\t\t\t\t<div class=\"elementor-element elementor-element-97a862d elementor-widget elementor-widget-spacer\" data-id=\"97a862d\" data-element_type=\"widget\" data-e-type=\"widget\" data-widget_type=\"spacer.default\">\n\t\t\t\t<div class=\"elementor-widget-container\">\n\t\t\t\t\t\t\t<div class=\"elementor-spacer\">\n\t\t\t<div class=\"elementor-spacer-inner\"><\/div>\n\t\t<\/div>\n\t\t\t\t\t\t<\/div>\n\t\t\t\t<\/div>\n\t\t\t\t<div class=\"elementor-element elementor-element-56644e89 elementor-widget__width-initial elementor-widget elementor-widget-text-editor\" data-id=\"56644e89\" data-element_type=\"widget\" data-e-type=\"widget\" data-widget_type=\"text-editor.default\">\n\t\t\t\t<div class=\"elementor-widget-container\">\n\t\t\t\t\t\t\t\t\t<p>Angaben gem\u00e4\u00df \u00a7 5 DDG:<\/p>\n<div>\n<div>\n<p><b>Unternehmensname:<br><\/b><span style=\"font-size: inherit; text-align: var(--text-align); color: var(--uicore-typography--p-c,'#070707'); font-family: var(--uicore-typography--p-f,'Inter'); font-style: var(--uicore-typography--p-st,'normal'); font-weight: var(--uicore-typography--p-w,'600'); letter-spacing: var(--uicore-typography--p-ls,'-0.027em'); text-transform: var(--uicore-typography--p-t,'none');\">Coala AI GmbH<\/span><\/p>\n<p><b style=\"font-size: inherit; text-align: var(--text-align); color: var(--uicore-typography--p-c,'#070707'); font-family: var(--uicore-typography--p-f,'Inter'); font-style: var(--uicore-typography--p-st,'normal'); letter-spacing: var(--uicore-typography--p-ls,'-0.027em'); text-transform: var(--uicore-typography--p-t,'none');\">Anschrift:<\/b><\/p>\n<\/div>\n<div>\n<p><span style=\"font-size: inherit; text-align: var(--text-align); color: var(--uicore-typography--p-c,'#070707'); font-family: var(--uicore-typography--p-f,'Inter'); font-style: var(--uicore-typography--p-st,'normal'); font-weight: var(--uicore-typography--p-w,'600'); letter-spacing: var(--uicore-typography--p-ls,'-0.027em'); text-transform: var(--uicore-typography--p-t,'none');\">c\/o BIBA &#8211; Bremer Institut f\u00fcr Produktion und Logistik GmbH<br><\/span><span style=\"font-size: inherit; text-align: var(--text-align); color: var(--uicore-typography--p-c,'#070707'); font-family: var(--uicore-typography--p-f,'Inter'); font-style: var(--uicore-typography--p-st,'normal'); font-weight: var(--uicore-typography--p-w,'600'); letter-spacing: var(--uicore-typography--p-ls,'-0.027em'); text-transform: var(--uicore-typography--p-t,'none');\">Hochschulring 20<br><\/span><span style=\"font-size: inherit; text-align: var(--text-align); color: var(--uicore-typography--p-c,'#070707'); font-family: var(--uicore-typography--p-f,'Inter'); font-style: var(--uicore-typography--p-st,'normal'); font-weight: var(--uicore-typography--p-w,'600'); letter-spacing: var(--uicore-typography--p-ls,'-0.027em'); text-transform: var(--uicore-typography--p-t,'none');\">28359 Bremen<br><\/span><span style=\"font-size: inherit; text-align: var(--text-align); color: var(--uicore-typography--p-c,'#070707'); font-family: var(--uicore-typography--p-f,'Inter'); font-style: var(--uicore-typography--p-st,'normal'); font-weight: var(--uicore-typography--p-w,'600'); letter-spacing: var(--uicore-typography--p-ls,'-0.027em'); text-transform: var(--uicore-typography--p-t,'none');\">Germany<\/span><\/p>\n<p><b style=\"font-size: inherit; text-align: var(--text-align); color: var(--uicore-typography--p-c,'#070707'); font-family: var(--uicore-typography--p-f,'Inter'); font-style: var(--uicore-typography--p-st,'normal'); letter-spacing: var(--uicore-typography--p-ls,'-0.027em'); text-transform: var(--uicore-typography--p-t,'none');\">E-Mail<\/b><\/p>\n<\/div>\n<div>\n<p><a style=\"font-size: inherit; text-align: var(--text-align); font-family: var(--uicore-typography--p-f,'Inter'); font-style: var(--uicore-typography--p-st,'normal'); font-weight: var(--uicore-typography--p-w,'600'); letter-spacing: var(--uicore-typography--p-ls,'-0.027em'); text-transform: var(--uicore-typography--p-t,'none');\" href=\"mailto:contact@coala-ai.de\">contact@coala-ai.de<\/a><\/p>\n<p><strong style=\"font-size: inherit; text-align: var(--text-align); color: var(--uicore-typography--p-c,'#070707'); font-family: var(--uicore-typography--p-f,'Inter'); font-style: var(--uicore-typography--p-st,'normal'); letter-spacing: var(--uicore-typography--p-ls,'-0.027em'); text-transform: var(--uicore-typography--p-t,'none');\">Gesch\u00e4ftsf\u00fchrer:<\/strong><\/p>\n<\/div>\n<div>\n<p>Dr.-Ing. Stefan Wellsandt<br>Mina Foosherian<\/p>\n<p><b>Handelsregister:<\/b><\/p>\n<\/div>\n<div>\n<p><span style=\"font-size: inherit; text-align: var(--text-align); color: var(--uicore-typography--p-c,'#070707'); font-family: var(--uicore-typography--p-f,'Inter'); font-style: var(--uicore-typography--p-st,'normal'); font-weight: var(--uicore-typography--p-w,'600'); letter-spacing: var(--uicore-typography--p-ls,'-0.027em'); text-transform: var(--uicore-typography--p-t,'none');\">Eingetragen beim Amtsgericht Bremen<br><\/span><span style=\"font-size: inherit; text-align: var(--text-align); color: var(--uicore-typography--p-c,'#070707'); font-family: var(--uicore-typography--p-f,'Inter'); font-style: var(--uicore-typography--p-st,'normal'); font-weight: var(--uicore-typography--p-w,'600'); letter-spacing: var(--uicore-typography--p-ls,'-0.027em'); text-transform: var(--uicore-typography--p-t,'none');\">Registernummer:&nbsp;<\/span><span style=\"text-align: var(--text-align);\">HRB 41028 HB<\/span><\/p>\n<p><b>Umsatzsteuer-Identifikationsnummer gem\u00e4\u00df \u00a7 27 a Umsatzsteuergesetz:<\/b><\/p>\n<\/div>\n<div>\n<p><span style=\"color: var(--uicore-typography--p-c,'#070707'); font-family: var(--uicore-typography--p-f,'Inter'); font-size: inherit; font-style: var(--uicore-typography--p-st,'normal'); font-weight: var(--uicore-typography--p-w,'600'); letter-spacing: var(--uicore-typography--p-ls,'-0.027em'); text-align: var(--text-align); text-transform: var(--uicore-typography--p-t,'none');\">VAT-ID: DE451950018<\/span><\/p>\n<p><b>Verantwortlich f\u00fcr den Inhalt gem\u00e4\u00df \u00a7 55 Abs. 2 RStV:<\/b><\/p>\n<\/div>\n<div>\n<p><span style=\"font-size: inherit; text-align: var(--text-align); color: var(--uicore-typography--p-c,'#070707'); font-family: var(--uicore-typography--p-f,'Inter'); font-style: var(--uicore-typography--p-st,'normal'); font-weight: var(--uicore-typography--p-w,'600'); letter-spacing: var(--uicore-typography--p-ls,'-0.027em'); text-transform: var(--uicore-typography--p-t,'none');\">Dr.-Ing. Stefan Wellsandt<br><\/span><span style=\"font-size: inherit; text-align: var(--text-align); color: var(--uicore-typography--p-c,'#070707'); font-family: var(--uicore-typography--p-f,'Inter'); font-style: var(--uicore-typography--p-st,'normal'); font-weight: var(--uicore-typography--p-w,'600'); letter-spacing: var(--uicore-typography--p-ls,'-0.027em'); text-transform: var(--uicore-typography--p-t,'none');\">Mina Foosherian<br><\/span><span style=\"font-size: inherit; text-align: var(--text-align); color: var(--uicore-typography--p-c,'#070707'); font-family: var(--uicore-typography--p-f,'Inter'); font-style: var(--uicore-typography--p-st,'normal'); font-weight: var(--uicore-typography--p-w,'600'); letter-spacing: var(--uicore-typography--p-ls,'-0.027em'); text-transform: var(--uicore-typography--p-t,'none');\">c\/o BIBA &#8211; Bremer Institut f\u00fcr Produktion und Logistik GmbH<br><\/span><span style=\"font-size: inherit; text-align: var(--text-align); color: var(--uicore-typography--p-c,'#070707'); font-family: var(--uicore-typography--p-f,'Inter'); font-style: var(--uicore-typography--p-st,'normal'); font-weight: var(--uicore-typography--p-w,'600'); letter-spacing: var(--uicore-typography--p-ls,'-0.027em'); text-transform: var(--uicore-typography--p-t,'none');\">Hochschulring 20<br><\/span><span style=\"font-size: inherit; text-align: var(--text-align); color: var(--uicore-typography--p-c,'#070707'); font-family: var(--uicore-typography--p-f,'Inter'); font-style: var(--uicore-typography--p-st,'normal'); font-weight: var(--uicore-typography--p-w,'600'); letter-spacing: var(--uicore-typography--p-ls,'-0.027em'); text-transform: var(--uicore-typography--p-t,'none');\">28359 Bremen<br><\/span><span style=\"font-size: inherit; text-align: var(--text-align); color: var(--uicore-typography--p-c,'#070707'); font-family: var(--uicore-typography--p-f,'Inter'); font-style: var(--uicore-typography--p-st,'normal'); font-weight: var(--uicore-typography--p-w,'600'); letter-spacing: var(--uicore-typography--p-ls,'-0.027em'); text-transform: var(--uicore-typography--p-t,'none');\">Germany<\/span><\/p>\n<\/div>\n<\/div>\t\t\t\t\t\t\t\t<\/div>\n\t\t\t\t<\/div>\n\t\t\t\t\t<\/div>\n\t\t\t\t<\/div>\n\t\t\t\t<\/div>","protected":false},"excerpt":{"rendered":"<p>Information according to Paragraph 5 DDG: Company Name:Coala AI GmbH Address: c\/o BIBA &#8211; Bremer Institut f\u00fcr Produktion und Logistik GmbHHochschulring 2028359 [&hellip;]<\/p>","protected":false},"author":1,"featured_media":698,"parent":0,"menu_order":0,"comment_status":"closed","ping_status":"closed","template":"","meta":{"footnotes":""},"class_list":["post-347","page","type-page","status-publish","has-post-thumbnail","hentry"],"_links":{"self":[{"href":"https:\/\/coala-ai.de\/de\/wp-json\/wp\/v2\/pages\/347","targetHints":{"allow":["GET"]}}],"collection":[{"href":"https:\/\/coala-ai.de\/de\/wp-json\/wp\/v2\/pages"}],"about":[{"href":"https:\/\/coala-ai.de\/de\/wp-json\/wp\/v2\/types\/page"}],"author":[{"embeddable":true,"href":"https:\/\/coala-ai.de\/de\/wp-json\/wp\/v2\/users\/1"}],"replies":[{"embeddable":true,"href":"https:\/\/coala-ai.de\/de\/wp-json\/wp\/v2\/comments?post=347"}],"version-history":[{"count":27,"href":"https:\/\/coala-ai.de\/de\/wp-json\/wp\/v2\/pages\/347\/revisions"}],"predecessor-version":[{"id":1313,"href":"https:\/\/coala-ai.de\/de\/wp-json\/wp\/v2\/pages\/347\/revisions\/1313"}],"wp:featuredmedia":[{"embeddable":true,"href":"https:\/\/coala-ai.de\/de\/wp-json\/wp\/v2\/media\/698"}],"wp:attachment":[{"href":"https:\/\/coala-ai.de\/de\/wp-json\/wp\/v2\/media?parent=347"}],"curies":[{"name":"wp","href":"https:\/\/api.w.org\/{rel}","templated":true}]}}